{"id":65,"date":"2024-12-04T18:53:14","date_gmt":"2024-12-04T17:53:14","guid":{"rendered":"http:\/\/softinformatique.fr\/?page_id=65"},"modified":"2024-12-05T19:13:44","modified_gmt":"2024-12-05T18:13:44","slug":"nos-services","status":"publish","type":"page","link":"https:\/\/softinformatique.fr\/?page_id=65","title":{"rendered":"NOS SERVICES"},"content":{"rendered":"<p><strong>Maintenance et vente de mat\u00e9riels informatiques et r\u00e9seaux.<\/strong><\/p>\n<p><strong>Maintenance et vente de mat\u00e9riels d&rsquo;imagerie m\u00e9dicale.<\/strong><\/p>\n<p><strong>Cybers\u00e9curit\u00e9, sauvegardes.<\/strong><\/p>\n<p><strong>Migration logiciel dentaire.<\/strong><\/p>\n<p><strong>Gestion des stocks<\/strong><\/p>\n","protected":false},"excerpt":{"rendered":"<p>Maintenance et vente de mat\u00e9riels informatiques et r\u00e9seaux. Maintenance et vente de mat\u00e9riels d&rsquo;imagerie m\u00e9dicale. Cybers\u00e9curit\u00e9, sauvegardes. Migration logiciel dentaire. Gestion des stocks<\/p>\n","protected":false},"author":1,"featured_media":0,"parent":0,"menu_order":0,"comment_status":"closed","ping_status":"closed","template":"","meta":{"footnotes":""},"class_list":["post-65","page","type-page","status-publish","hentry","entry"],"_links":{"self":[{"href":"https:\/\/softinformatique.fr\/index.php?rest_route=\/wp\/v2\/pages\/65","targetHints":{"allow":["GET"]}}],"collection":[{"href":"https:\/\/softinformatique.fr\/index.php?rest_route=\/wp\/v2\/pages"}],"about":[{"href":"https:\/\/softinformatique.fr\/index.php?rest_route=\/wp\/v2\/types\/page"}],"author":[{"embeddable":true,"href":"https:\/\/softinformatique.fr\/index.php?rest_route=\/wp\/v2\/users\/1"}],"replies":[{"embeddable":true,"href":"https:\/\/softinformatique.fr\/index.php?rest_route=%2Fwp%2Fv2%2Fcomments&post=65"}],"version-history":[{"count":8,"href":"https:\/\/softinformatique.fr\/index.php?rest_route=\/wp\/v2\/pages\/65\/revisions"}],"predecessor-version":[{"id":101,"href":"https:\/\/softinformatique.fr\/index.php?rest_route=\/wp\/v2\/pages\/65\/revisions\/101"}],"wp:attachment":[{"href":"https:\/\/softinformatique.fr\/index.php?rest_route=%2Fwp%2Fv2%2Fmedia&parent=65"}],"curies":[{"name":"wp","href":"https:\/\/api.w.org\/{rel}","templated":true}]}}