{"id":108,"date":"2024-12-05T19:31:37","date_gmt":"2024-12-05T18:31:37","guid":{"rendered":"https:\/\/softinformatique.fr\/?page_id=108"},"modified":"2024-12-05T19:36:30","modified_gmt":"2024-12-05T18:36:30","slug":"camera-de-prise-dempreinte-alliedstar","status":"publish","type":"page","link":"https:\/\/softinformatique.fr\/?page_id=108","title":{"rendered":"cam\u00e9ra de prise d&#8217;empreinte AlliedStar"},"content":{"rendered":"<p><img loading=\"lazy\" decoding=\"async\" width=\"300\" height=\"200\" src=\"http:\/\/softinformatique.fr\/wp-content\/uploads\/2024\/12\/cropped-cam-aliedstar-300x200.png\" alt=\"\" srcset=\"https:\/\/softinformatique.fr\/wp-content\/uploads\/2024\/12\/cropped-cam-aliedstar-300x200.png 300w, https:\/\/softinformatique.fr\/wp-content\/uploads\/2024\/12\/cropped-cam-aliedstar-1024x683.png 1024w, https:\/\/softinformatique.fr\/wp-content\/uploads\/2024\/12\/cropped-cam-aliedstar-768x512.png 768w, https:\/\/softinformatique.fr\/wp-content\/uploads\/2024\/12\/cropped-cam-aliedstar-1536x1024.png 1536w, https:\/\/softinformatique.fr\/wp-content\/uploads\/2024\/12\/cropped-cam-aliedstar.png 1920w\" sizes=\"auto, (max-width: 300px) 100vw, 300px\" \/>\t\t\t\t\t\t\t\t\t\t\t\t\t<\/p>\n<h2>La cam\u00e9ra de prise d&#8217;empreinte AlliedStar est la meilleure cam\u00e9ra de prise d&rsquo;image du march\u00e9 actuel. Il est fabriqu\u00e9 par le Groupe Stroman en Chine. Il existe en deux versions: la cam\u00e9ra filaire et la cam\u00e9ra sans fil, tous deux rechargeables par induction.<\/h2>\n","protected":false},"excerpt":{"rendered":"<p>La cam\u00e9ra de prise d&#8217;empreinte AlliedStar est la meilleure cam\u00e9ra de prise d&rsquo;image du march\u00e9 actuel. Il est fabriqu\u00e9 par le Groupe Stroman en Chine. Il existe en deux versions: la cam\u00e9ra filaire et la cam\u00e9ra sans fil, tous deux rechargeables par induction.<\/p>\n","protected":false},"author":1,"featured_media":0,"parent":0,"menu_order":0,"comment_status":"closed","ping_status":"closed","template":"","meta":{"footnotes":""},"class_list":["post-108","page","type-page","status-publish","hentry","entry"],"_links":{"self":[{"href":"https:\/\/softinformatique.fr\/index.php?rest_route=\/wp\/v2\/pages\/108","targetHints":{"allow":["GET"]}}],"collection":[{"href":"https:\/\/softinformatique.fr\/index.php?rest_route=\/wp\/v2\/pages"}],"about":[{"href":"https:\/\/softinformatique.fr\/index.php?rest_route=\/wp\/v2\/types\/page"}],"author":[{"embeddable":true,"href":"https:\/\/softinformatique.fr\/index.php?rest_route=\/wp\/v2\/users\/1"}],"replies":[{"embeddable":true,"href":"https:\/\/softinformatique.fr\/index.php?rest_route=%2Fwp%2Fv2%2Fcomments&post=108"}],"version-history":[{"count":7,"href":"https:\/\/softinformatique.fr\/index.php?rest_route=\/wp\/v2\/pages\/108\/revisions"}],"predecessor-version":[{"id":115,"href":"https:\/\/softinformatique.fr\/index.php?rest_route=\/wp\/v2\/pages\/108\/revisions\/115"}],"wp:attachment":[{"href":"https:\/\/softinformatique.fr\/index.php?rest_route=%2Fwp%2Fv2%2Fmedia&parent=108"}],"curies":[{"name":"wp","href":"https:\/\/api.w.org\/{rel}","templated":true}]}}